{"id":243186,"date":"2026-02-18T08:07:49","date_gmt":"2026-02-18T13:07:49","guid":{"rendered":"https:\/\/enkelwood.com\/?post_type=product&#038;p=243186"},"modified":"2026-02-18T19:41:06","modified_gmt":"2026-02-19T00:41:06","slug":"eco-wood-composite-board-copie","status":"publish","type":"product","link":"https:\/\/enkelwood.com\/en\/nos-produits\/eco-wood-composite-board-copie\/","title":{"rendered":"Composite Aluminum Plank &#8211; Arctic"},"content":{"rendered":"<p>[et_pb_section fb_built=&#8221;1&#8243; _builder_version=&#8221;4.16&#8243; custom_padding=&#8221;0px||||false|false&#8221; global_colors_info=&#8221;{}&#8221;][et_pb_row _builder_version=&#8221;4.16&#8243; background_size=&#8221;initial&#8221; background_position=&#8221;top_left&#8221; background_repeat=&#8221;repeat&#8221; width=&#8221;100%&#8221; custom_padding=&#8221;0px||0px||false|false&#8221; global_colors_info=&#8221;{}&#8221;][et_pb_column type=&#8221;4_4&#8243; _builder_version=&#8221;4.16&#8243; custom_padding=&#8221;|||&#8221; global_colors_info=&#8221;{}&#8221; custom_padding__hover=&#8221;|||&#8221;][et_pb_wc_breadcrumb _builder_version=&#8221;4.27.4&#8243; global_colors_info=&#8221;{}&#8221;][\/et_pb_wc_breadcrumb][et_pb_wc_cart_notice _builder_version=&#8221;4.16&#8243; global_colors_info=&#8221;{}&#8221;][\/et_pb_wc_cart_notice][\/et_pb_column][\/et_pb_row][et_pb_row column_structure=&#8221;1_2,1_2&#8243; _builder_version=&#8221;4.16&#8243; background_size=&#8221;initial&#8221; background_position=&#8221;top_left&#8221; background_repeat=&#8221;repeat&#8221; width=&#8221;100%&#8221; custom_padding=&#8221;0px||||false|false&#8221; global_colors_info=&#8221;{}&#8221;][et_pb_column type=&#8221;1_2&#8243; _builder_version=&#8221;4.16&#8243; custom_padding=&#8221;|||&#8221; global_colors_info=&#8221;{}&#8221; custom_padding__hover=&#8221;|||&#8221;][et_pb_wc_images _builder_version=&#8221;4.27.4&#8243; global_colors_info=&#8221;{}&#8221;][\/et_pb_wc_images][\/et_pb_column][et_pb_column type=&#8221;1_2&#8243; _builder_version=&#8221;4.16&#8243; custom_padding=&#8221;|||&#8221; global_colors_info=&#8221;{}&#8221; custom_padding__hover=&#8221;|||&#8221;][et_pb_wc_title _builder_version=&#8221;4.16&#8243; global_colors_info=&#8221;{}&#8221;][\/et_pb_wc_title][et_pb_wc_rating _builder_version=&#8221;4.16&#8243; global_colors_info=&#8221;{}&#8221;][\/et_pb_wc_rating][et_pb_wc_price _builder_version=&#8221;4.27.4&#8243; global_colors_info=&#8221;{}&#8221;][\/et_pb_wc_price][et_pb_wc_description _builder_version=&#8221;4.16&#8243; global_colors_info=&#8221;{}&#8221;][\/et_pb_wc_description][et_pb_wc_add_to_cart _builder_version=&#8221;4.16&#8243; global_colors_info=&#8221;{}&#8221;][\/et_pb_wc_add_to_cart][et_pb_wc_meta _builder_version=&#8221;4.16&#8243; global_colors_info=&#8221;{}&#8221;][\/et_pb_wc_meta][\/et_pb_column][\/et_pb_row][et_pb_row _builder_version=&#8221;4.16&#8243; background_size=&#8221;initial&#8221; background_position=&#8221;top_left&#8221; background_repeat=&#8221;repeat&#8221; width=&#8221;100%&#8221; global_colors_info=&#8221;{}&#8221;][et_pb_column type=&#8221;4_4&#8243; _builder_version=&#8221;4.16&#8243; custom_padding=&#8221;|||&#8221; global_colors_info=&#8221;{}&#8221; custom_padding__hover=&#8221;|||&#8221;][et_pb_wc_tabs admin_label=&#8221;Onglets de produits Woo&#8221; _builder_version=&#8221;4.27.4&#8243; global_colors_info=&#8221;{}&#8221;]\t\t\t\t\t[\/et_pb_wc_tabs][et_pb_wc_upsells _builder_version=&#8221;4.27.4&#8243; global_colors_info=&#8221;{}&#8221;][\/et_pb_wc_upsells][et_pb_wc_related_products _builder_version=&#8221;4.27.4&#8243; global_colors_info=&#8221;{}&#8221;][\/et_pb_wc_related_products][\/et_pb_column][\/et_pb_row][\/et_pb_section]<\/p>\n","protected":false},"excerpt":{"rendered":"<h2>Discover our Galaxy series wall cladding<\/h2>\n<p>The aluminium composite system is a high-technology architectural solution made from a combination of polyethylene and aluminium. The extruded aluminium represents a major technological breakthrough in the wood-plastic composite industry.<br \/>\n&#8211; Premium aluminium core<br \/>\n&#8211; Engineered flexible adhesive<br \/>\n&#8211; Durable outer protective composite layer <\/p>\n<p><strong><a style=\"color: #A8875E!important;\" href=\"https:\/\/enkelwood.com\/wp-content\/uploads\/2026\/02\/EW_Brochure_v00f-3-Num.pdf\">Download the complete brochure<\/a><\/strong><\/p>\n","protected":false},"featured_media":243232,"template":"","meta":{"_et_pb_use_builder":"on","_et_pb_old_content":"Le syst\u00e8me d\u2019aluminium composite est une solution architecturale de haute technologie compos\u00e9e de poly\u00e9thyl\u00e8ne et d\u2019aluminium.\r\n\r\n<strong style=\"color: #A8875E!important\">Le mod\u00e8le Arctic est offert en 2 couleurs de base :<\/strong>\r\n<ul>\r\n \t<li>Noyer<\/li>\r\n \t<li>\u00c9b\u00e8ne<\/li>\r\n<\/ul>\r\n<strong style=\"color: #A8875E!important\">Elle est disponible dans les dimensions suivantes:<\/strong>\r\n<ul>\r\n \t<li>Longueur: 12 ou 16 pieds (si autre demande nous contacter)<\/li>\r\n \t<li>Largeur: 116 mm <\/li>\r\n<\/ul>\r\nEnkel Wood incarne la solution de rev\u00eatement id\u00e9ale pour ceux qui recherchent une solidit\u00e9 maximale et une \u00e9l\u00e9gance naturelle sans compromis.\r\n\r\n<strong style=\"color: #A8875E!important\">FAQ:<\/strong>\r\n\r\n<strong>En quoi le produit Enkel Wood se distingue-t-il des autres produits de rev\u00eatement muraux?<\/strong>\r\n\r\n01 DURABLE\r\nCon\u00e7us pour durer plus de 25 ans, les composites en aluminium r\u00e9sistent aux hivers canadiens sans se d\u00e9former, fissurer ou pourrir, et demandent tr\u00e8s peu d\u2019entretien.\r\n\r\n02 PR\u00caT \u00c0 L'EMPLOI \r\nPr\u00eats \u00e0 l\u2019emploi, sans peinture, teinture ou finition. Leur look bois naturel est cr\u00e9\u00e9 en usine. Des additifs anti-UV et anti-moisissure y sont int\u00e9gr\u00e9s\r\n\r\n03 SIMPLE\r\nPens\u00e9 pour s\u2019adapter \u00e0 chaque projet. Formats, finitions et teintes sont soigneusement s\u00e9lectionn\u00e9s afin de s\u2019harmoniser \u00e0 l\u2019architecture de chaque habitation.\r\n","_et_gb_content_width":""},"product_brand":[],"product_cat":[34],"product_tag":[],"class_list":{"0":"post-243186","1":"product","2":"type-product","3":"status-publish","4":"has-post-thumbnail","6":"product_cat-aluminium-composite","8":"first","9":"instock","10":"shipping-taxable","11":"product-type-simple"},"_links":{"self":[{"href":"https:\/\/enkelwood.com\/en\/wp-json\/wp\/v2\/product\/243186","targetHints":{"allow":["GET"]}}],"collection":[{"href":"https:\/\/enkelwood.com\/en\/wp-json\/wp\/v2\/product"}],"about":[{"href":"https:\/\/enkelwood.com\/en\/wp-json\/wp\/v2\/types\/product"}],"wp:featuredmedia":[{"embeddable":true,"href":"https:\/\/enkelwood.com\/en\/wp-json\/wp\/v2\/media\/243232"}],"wp:attachment":[{"href":"https:\/\/enkelwood.com\/en\/wp-json\/wp\/v2\/media?parent=243186"}],"wp:term":[{"taxonomy":"product_brand","embeddable":true,"href":"https:\/\/enkelwood.com\/en\/wp-json\/wp\/v2\/product_brand?post=243186"},{"taxonomy":"product_cat","embeddable":true,"href":"https:\/\/enkelwood.com\/en\/wp-json\/wp\/v2\/product_cat?post=243186"},{"taxonomy":"product_tag","embeddable":true,"href":"https:\/\/enkelwood.com\/en\/wp-json\/wp\/v2\/product_tag?post=243186"}],"curies":[{"name":"wp","href":"https:\/\/api.w.org\/{rel}","templated":true}]}}